{"id":5,"date":"2016-09-28T06:46:37","date_gmt":"2016-09-28T08:46:37","guid":{"rendered":"https:\/\/techremontas.lt\/?page_id=5"},"modified":"2026-03-03T13:50:52","modified_gmt":"2026-03-03T11:50:52","slug":"apie-mus","status":"publish","type":"page","link":"https:\/\/techremontas.lt\/uk\/","title":{"rendered":"Profesionalus telefon\u0173, kompiuteri\u0173, televizori\u0173, paspirtuk\u0173 ir kavos aparat\u0173 remontas, kase\u010di\u0173 pildymas."},"content":{"rendered":"<div class=\"wp-block-uagb-container uagb-block-9baa5933 alignfull uagb-is-root-container\"><div class=\"uagb-container-inner-blocks-wrap\">\n<div class=\"wp-block-uagb-container uagb-block-88434b7e\">\n<p><strong>Sugedo kompiuteris, televizorius ar telefonas?<\/strong> Nesijaudinkite \u2013 \u201etechRemontas&#8221; komanda pasiruo\u0161usi greitai ir kokybi\u0161kai i\u0161spr\u0119sti bet koki\u0105 technin\u0119 problem\u0105!<\/p>\n\n\n\n<h3 class=\"wp-block-heading\">Kod\u0117l rinktis mus?<\/h3>\n\n\n\n<p>\u2705 <strong>Greita diagnostika<\/strong> \u2013 nustatome gedim\u0105 per 1-2 darbo dienas<br>\u2705 <strong>Skaidrios kainos<\/strong> \u2013 joki\u0173 pasl\u0117pt\u0173 mokes\u010di\u0173<br>\u2705 <strong>Patyr\u0119 meistrai<\/strong> \u2013 daugiau nei 10 met\u0173 patirtis<br>\u2705 <strong>Garantija darbams<\/strong> \u2013 suteikiame garantij\u0105 visiems atliktiems remonto darbams<br>\u2705 <strong>Patogus aptarnavimas<\/strong> \u2013 dirbame Vilniuje, Kaune, Klaip\u0117doje ir \u0160iauliuose<\/p>\n\n\n\n<p><strong>Kokybi\u0161kai ir patikimai remontuojame vis\u0173 populiariausi\u0173 gamintoj\u0173 nam\u0173 ir automobilin\u0119 el. technik\u0105:<\/strong><\/p>\n\n\n\n<div class=\"wp-block-uagb-image uagb-block-d464393f wp-block-uagb-image--layout-default wp-block-uagb-image--effect-static wp-block-uagb-image--align-none\"><figure class=\"wp-block-uagb-image__figure\"><img decoding=\"async\" srcset=\"https:\/\/techremontas.lt\/wp-content\/uploads\/2026\/03\/coffee-machine.jpg ,https:\/\/techremontas.lt\/wp-content\/uploads\/2026\/03\/coffee-machine.jpg 780w, https:\/\/techremontas.lt\/wp-content\/uploads\/2026\/03\/coffee-machine.jpg 360w\" sizes=\"auto, (max-width: 480px) 150px\" src=\"https:\/\/techremontas.lt\/wp-content\/uploads\/2026\/03\/coffee-machine.jpg\" alt=\"\" class=\"uag-image-5445\" width=\"612\" height=\"408\" title=\"coffee machine,\" loading=\"lazy\" role=\"img\"\/><\/figure><\/div>\n\n\n\n<ul class=\"wp-block-list\">\n<li><a href=\"https:\/\/techremontas.lt\/uk\/kompiuteriu-remontas\/\">\u041d\u043e\u0443\u0442\u0431\u0443\u043a\u0438 \u0442\u0430 \u0441\u0442\u0430\u0446\u0456\u043e\u043d\u0430\u0440\u043d\u0456 \u043a\u043e\u043c\u043f'\u044e\u0442\u0435\u0440\u0438<\/a><\/li>\n\n\n\n<li><a href=\"http:\/\/o\/\">I\u0161maniuosius&nbsp;telefonus<\/a><\/li>\n\n\n\n<li><a href=\"https:\/\/techremontas.lt\/uk\/televizoriu-remontas\/\">\u0420\u041a-\u0422\u0415\u041b\u0415\u0412\u0406\u0417\u041e\u0420<\/a><\/li>\n\n\n\n<li><a href=\"https:\/\/techremontas.lt\/uk\/zaidimo-kompiuteriu-remontas\/\">\u0406\u0433\u0440\u043e\u0432\u0456 \u043a\u043e\u043c\u043f'\u044e\u0442\u0435\u0440\u0438<\/a><\/li>\n\n\n\n<li><a href=\"https:\/\/techremontas.lt\/uk\/navigaciju-atnaujinimas\/\">\u041d\u0430\u0432\u0456\u0433\u0430\u0446\u0456\u0439\u043d\u0456 \u043f\u0440\u0438\u0441\u0442\u0440\u043e\u0457, \u043e\u043d\u043e\u0432\u043b\u0435\u043d\u043d\u044f \u043d\u0430\u0432\u0456\u0433\u0430\u0446\u0456\u0457<\/a><\/li>\n\n\n\n<li><a href=\"https:\/\/techremontas.lt\/uk\/kavos-aparatu-remontas\/\">\u041a\u0430\u0432\u043e\u043c\u0430\u0448\u0438\u043d\u0438<\/a><\/li>\n\n\n\n<li><a href=\"https:\/\/techremontas.lt\/uk\/fotoaparatu-remontas\/\">\u041a\u0430\u043c\u0435\u0440\u0438<\/a><\/li>\n\n\n\n<li><a href=\"https:\/\/techremontas.lt\/uk\/dulkiu-siurbliu-remontas\/\">\u041f\u0438\u043b\u043e\u0441\u043e\u0441\u0438<\/a><\/li>\n\n\n\n<li><a href=\"https:\/\/techremontas.lt\/uk\/garso-technikos-remontas\/\">Garso&nbsp;technik\u0105<\/a><\/li>\n\n\n\n<li><a href=\"https:\/\/techremontas.lt\/uk\/riedziu-paspirtuku-remontas\/\">\u0420\u043e\u043b\u0438\u043a\u043e\u0432\u0456 \u043a\u043e\u0432\u0437\u0430\u043d\u0438, \u0435\u043b\u0435\u043a\u0442\u0440\u043e\u0441\u0430\u043c\u043e\u043a\u0430\u0442\u0438<\/a><\/li>\n\n\n\n<li><a href=\"https:\/\/techremontas.lt\/uk\/lygintuvu-remontas\/\">\u041f\u0440\u0430\u0441\u043a\u0438 (\u043a\u0440\u0456\u043c \u043f\u0430\u0440\u043e\u0432\u043e\u0457)<\/a><\/li>\n\n\n\n<li><a href=\"https:\/\/techremontas.lt\/uk\/skubus-kaseciu-pildymas\/\">\u041f\u0440\u0438\u043d\u0442\u0435\u0440\u0438, \u0437\u0430\u043f\u0440\u0430\u0432\u043a\u0430 \u043a\u0430\u0440\u0442\u0440\u0438\u0434\u0436\u0456\u0432<\/a><\/li>\n\n\n\n<li><a href=\"https:\/\/techremontas.lt\/uk\/siuvimo-masinu-remontas\/\">\u0428\u0432\u0435\u0439\u043d\u0456 \u043c\u0430\u0448\u0438\u043d\u0438<\/a><\/li>\n\n\n\n<li><a href=\"https:\/\/techremontas.lt\/uk\/robotu-remontas\/\">\u0420\u043e\u0431\u043e\u0442\u0438\u0437\u043e\u0432\u0430\u043d\u0456 \u043d\u0430\u0441\u043e\u0441\u0438<\/a><\/li>\n\n\n\n<li><a href=\"https:\/\/techremontas.lt\/uk\/statybiniu-irankiu-remontas\/\">\u0415\u043b\u0435\u043a\u0442\u0440\u043e\u0456\u043d\u0441\u0442\u0440\u0443\u043c\u0435\u043d\u0442\u0438, \u0431\u0443\u0434\u0456\u0432\u0435\u043b\u044c\u043d\u0456 \u0456\u043d\u0441\u0442\u0440\u0443\u043c\u0435\u043d\u0442\u0438<\/a><\/li>\n\n\n\n<li><a href=\"https:\/\/techremontas.lt\/uk\/suvirinimo-aparatu-remontas\/\">\u0417\u0432\u0430\u0440\u044e\u0432\u0430\u043b\u044c\u043d\u0456 \u0430\u043f\u0430\u0440\u0430\u0442\u0438<\/a><\/li>\n<\/ul>\n\n\n\n<hr class=\"wp-block-separator has-alpha-channel-opacity\"\/>\n\n\n\n<h3 class=\"wp-block-heading\">Aptarnaujame vis\u0105 Lietuv\u0105<\/h3>\n\n\n\n<p>M\u016bs\u0173 servisai veikia did\u017eiausiuose Lietuvos miestuose:<\/p>\n\n\n\n<p>\ud83d\udccd <strong>Vilnius<\/strong> | \ud83d\udccd <strong>Kaunas<\/strong> | \ud83d\udccd <strong>Klaip\u0117da<\/strong> | \ud83d\udccd <strong>\u0160iauliai<\/strong><\/p>\n\n\n\n<hr class=\"wp-block-separator has-alpha-channel-opacity\"\/>\n\n\n\n<h3 class=\"wp-block-heading\">\ud83d\udcde Susisiekite dabar!<\/h3>\n\n\n\n<p><strong>Nedelskite<\/strong> \u2013 kuo grei\u010diau kreipsit\u0117s, tuo grei\u010diau j\u016bs\u0173 \u012frenginys v\u0117l veiks nepriekai\u0161tingai!<\/p>\n<\/div>\n\n\n\n<div class=\"wp-block-uagb-container uagb-block-639f32e1\">\n<div class=\"wp-block-uagb-image uagb-block-8bedc850 wp-block-uagb-image--layout-default wp-block-uagb-image--effect-static wp-block-uagb-image--align-none\"><figure class=\"wp-block-uagb-image__figure\"><img decoding=\"async\" srcset=\"https:\/\/techremontas.lt\/wp-content\/uploads\/2026\/03\/technikos-remontas.jpg ,https:\/\/techremontas.lt\/wp-content\/uploads\/2026\/03\/technikos-remontas.jpg 780w, https:\/\/techremontas.lt\/wp-content\/uploads\/2026\/03\/technikos-remontas.jpg 360w\" sizes=\"auto, (max-width: 480px) 150px\" src=\"https:\/\/techremontas.lt\/wp-content\/uploads\/2026\/03\/technikos-remontas.jpg\" alt=\"\" class=\"uag-image-5410\" width=\"612\" height=\"408\" title=\"technikos remontas,\" loading=\"lazy\" role=\"img\"\/><\/figure><\/div>\n\n\n\n<ul class=\"wp-block-list\">\n<li><strong>\u0412\u0456\u043b\u044c\u043d\u044e\u0441<\/strong>\u00a0\u2013 Kareivi\u0173 g. 11A \u201cRIMI\u201d\u00a0<a href=\"tel:+37065577057\">+370-655-77057<\/a><\/li>\n\n\n\n<li><strong>\u041a\u0430\u0443\u043d\u0430\u0441<\/strong>\u00a0\u2013 Savanori\u0173 pr. 155\u00a0<a href=\"tel:+37063969600\">+370-639-69600<\/a><\/li>\n\n\n\n<li><strong>Klaip\u0117doje<\/strong>\u00a0\u2013 Sausio 15-osios g. 13\u00a0<a href=\"tel:+37064707741\">+370-647-07741<\/a><\/li>\n\n\n\n<li><strong>\u0160iauliuose<\/strong>\u00a0\u2013 Gegu\u017ei\u0173 g. 30 \u201cArena\u201d\u00a0<a href=\"tel:+37068229052\">+370-682-29052<\/a><\/li>\n<\/ul>\n<\/div>\n<\/div><\/div>","protected":false},"excerpt":{"rendered":"<p>Sugedo kompiuteris, televizorius ar telefonas? Nesijaudinkite \u2013 \u201etechRemontas&#8221; komanda pasiruo\u0161usi greitai ir kokybi\u0161kai i\u0161spr\u0119sti bet koki\u0105 technin\u0119 problem\u0105! Kod\u0117l rinktis mus? \u2705 Greita diagnostika \u2013 nustatome gedim\u0105 per 1-2 darbo dienas\u2705 Skaidrios kainos \u2013 joki\u0173 pasl\u0117pt\u0173 mokes\u010di\u0173\u2705 Patyr\u0119 meistrai \u2013 daugiau nei 10 met\u0173 patirtis\u2705 Garantija darbams \u2013 suteikiame garantij\u0105 visiems atliktiems remonto darbams\u2705 Patogus [&hellip;]<\/p>\n","protected":false},"author":1,"featured_media":0,"parent":0,"menu_order":0,"comment_status":"closed","ping_status":"closed","template":"","meta":{"_uag_custom_page_level_css":"","footnotes":""},"class_list":["post-5","page","type-page","status-publish","hentry","post"],"yoast_head":"<!-- This site is optimized with the Yoast SEO plugin v27.4 - https:\/\/yoast.com\/product\/yoast-seo-wordpress\/ -->\n<title>Profesionalus telefon\u0173, kompiuteri\u0173, televizori\u0173, paspirtuk\u0173 ir kavos aparat\u0173 remontas, kase\u010di\u0173 pildymas.<\/title>\n<meta name=\"description\" content=\"Telefon\u0173, kompiuteri\u0173, televizori\u0173, paspirtuk\u0173 ir kavos aparat\u0173 remontas, kase\u010di\u0173 pildymas - Vilniuje ir Kaune. Tel. 8 (655) 00790\" \/>\n<meta name=\"robots\" content=\"index, follow, max-snippet:-1, max-image-preview:large, max-video-preview:-1\" \/>\n<link rel=\"canonical\" href=\"https:\/\/techremontas.lt\/uk\/\" \/>\n<meta property=\"og:locale\" content=\"uk_UA\" \/>\n<meta property=\"og:type\" content=\"article\" \/>\n<meta property=\"og:title\" content=\"Profesionalus telefon\u0173, kompiuteri\u0173, televizori\u0173, paspirtuk\u0173 ir kavos aparat\u0173 remontas, kase\u010di\u0173 pildymas.\" \/>\n<meta property=\"og:description\" content=\"Telefon\u0173, kompiuteri\u0173, televizori\u0173, paspirtuk\u0173 ir kavos aparat\u0173 remontas, kase\u010di\u0173 pildymas - Vilniuje ir Kaune. Tel. 8 (655) 00790\" \/>\n<meta property=\"og:url\" content=\"https:\/\/techremontas.lt\/uk\/\" \/>\n<meta property=\"og:site_name\" content=\"taisykla Vilniuje, Kaune, Klaip\u0117doje, \u0160iauliuose\" \/>\n<meta property=\"article:modified_time\" content=\"2026-03-03T11:50:52+00:00\" \/>\n<meta property=\"og:image\" content=\"https:\/\/techremontas.lt\/wp-content\/uploads\/2026\/03\/coffee-machine.jpg\" \/>\n<meta name=\"twitter:card\" content=\"summary_large_image\" \/>\n<meta name=\"twitter:label1\" content=\"\u041f\u0440\u0438\u0431\u043b. \u0447\u0430\u0441 \u0447\u0438\u0442\u0430\u043d\u043d\u044f\" \/>\n\t<meta name=\"twitter:data1\" content=\"1 \u0445\u0432\u0438\u043b\u0438\u043d\u0430\" \/>\n<script type=\"application\/ld+json\" class=\"yoast-schema-graph\">{\"@context\":\"https:\\\/\\\/schema.org\",\"@graph\":[{\"@type\":\"WebPage\",\"@id\":\"https:\\\/\\\/techremontas.lt\\\/\",\"url\":\"https:\\\/\\\/techremontas.lt\\\/\",\"name\":\"Profesionalus telefon\u0173, kompiuteri\u0173, televizori\u0173, paspirtuk\u0173 ir kavos aparat\u0173 remontas, kase\u010di\u0173 pildymas.\",\"isPartOf\":{\"@id\":\"https:\\\/\\\/techremontas.lt\\\/#website\"},\"primaryImageOfPage\":{\"@id\":\"https:\\\/\\\/techremontas.lt\\\/#primaryimage\"},\"image\":{\"@id\":\"https:\\\/\\\/techremontas.lt\\\/#primaryimage\"},\"thumbnailUrl\":\"https:\\\/\\\/techremontas.lt\\\/wp-content\\\/uploads\\\/2026\\\/03\\\/coffee-machine.jpg\",\"datePublished\":\"2016-09-28T08:46:37+00:00\",\"dateModified\":\"2026-03-03T11:50:52+00:00\",\"description\":\"Telefon\u0173, kompiuteri\u0173, televizori\u0173, paspirtuk\u0173 ir kavos aparat\u0173 remontas, kase\u010di\u0173 pildymas - Vilniuje ir Kaune. Tel. 8 (655) 00790\",\"breadcrumb\":{\"@id\":\"https:\\\/\\\/techremontas.lt\\\/#breadcrumb\"},\"inLanguage\":\"uk\",\"potentialAction\":[{\"@type\":\"ReadAction\",\"target\":[\"https:\\\/\\\/techremontas.lt\\\/\"]}]},{\"@type\":\"ImageObject\",\"inLanguage\":\"uk\",\"@id\":\"https:\\\/\\\/techremontas.lt\\\/#primaryimage\",\"url\":\"https:\\\/\\\/techremontas.lt\\\/wp-content\\\/uploads\\\/2026\\\/03\\\/coffee-machine.jpg\",\"contentUrl\":\"https:\\\/\\\/techremontas.lt\\\/wp-content\\\/uploads\\\/2026\\\/03\\\/coffee-machine.jpg\"},{\"@type\":\"BreadcrumbList\",\"@id\":\"https:\\\/\\\/techremontas.lt\\\/#breadcrumb\",\"itemListElement\":[{\"@type\":\"ListItem\",\"position\":1,\"name\":\"Pagrindinis\",\"item\":\"https:\\\/\\\/techremontas.lt\\\/\"},{\"@type\":\"ListItem\",\"position\":2,\"name\":\"Profesionalus telefon\u0173, kompiuteri\u0173, televizori\u0173, paspirtuk\u0173 ir kavos aparat\u0173 remontas, kase\u010di\u0173 pildymas.\"}]},{\"@type\":\"WebSite\",\"@id\":\"https:\\\/\\\/techremontas.lt\\\/#website\",\"url\":\"https:\\\/\\\/techremontas.lt\\\/\",\"name\":\"taisykla Vilniuje, Kaune, Klaip\u0117doje, \u0160iauliuose\",\"description\":\"Modernios el. technikos servisas\",\"potentialAction\":[{\"@type\":\"SearchAction\",\"target\":{\"@type\":\"EntryPoint\",\"urlTemplate\":\"https:\\\/\\\/techremontas.lt\\\/?s={search_term_string}\"},\"query-input\":{\"@type\":\"PropertyValueSpecification\",\"valueRequired\":true,\"valueName\":\"search_term_string\"}}],\"inLanguage\":\"uk\"}]}<\/script>\n<!-- \/ Yoast SEO plugin. -->","yoast_head_json":{"title":"Profesionalus telefon\u0173, kompiuteri\u0173, televizori\u0173, paspirtuk\u0173 ir kavos aparat\u0173 remontas, kase\u010di\u0173 pildymas.","description":"\u0420\u0435\u043c\u043e\u043d\u0442 \u0442\u0435\u043b\u0435\u0444\u043e\u043d\u0456\u0432, \u043a\u043e\u043c\u043f'\u044e\u0442\u0435\u0440\u0456\u0432, \u0442\u0435\u043b\u0435\u0432\u0456\u0437\u043e\u0440\u0456\u0432, \u0441\u043a\u0443\u0442\u0435\u0440\u0456\u0432 \u0442\u0430 \u043a\u0430\u0432\u043e\u0432\u0430\u0440\u043e\u043a, \u0437\u0430\u043f\u0440\u0430\u0432\u043a\u0430 \u043a\u0430\u0440\u0442\u0440\u0438\u0434\u0436\u0456\u0432 - \u0443 \u0412\u0456\u043b\u044c\u043d\u044e\u0441\u0456 \u0442\u0430 \u041a\u0430\u0443\u043d\u0430\u0441\u0456. \u0422\u0435\u043b. 8 (655) 00790","robots":{"index":"index","follow":"follow","max-snippet":"max-snippet:-1","max-image-preview":"max-image-preview:large","max-video-preview":"max-video-preview:-1"},"canonical":"https:\/\/techremontas.lt\/uk\/","og_locale":"uk_UA","og_type":"article","og_title":"Profesionalus telefon\u0173, kompiuteri\u0173, televizori\u0173, paspirtuk\u0173 ir kavos aparat\u0173 remontas, kase\u010di\u0173 pildymas.","og_description":"Telefon\u0173, kompiuteri\u0173, televizori\u0173, paspirtuk\u0173 ir kavos aparat\u0173 remontas, kase\u010di\u0173 pildymas - Vilniuje ir Kaune. Tel. 8 (655) 00790","og_url":"https:\/\/techremontas.lt\/uk\/","og_site_name":"taisykla Vilniuje, Kaune, Klaip\u0117doje, \u0160iauliuose","article_modified_time":"2026-03-03T11:50:52+00:00","og_image":[{"url":"https:\/\/techremontas.lt\/wp-content\/uploads\/2026\/03\/coffee-machine.jpg","type":"","width":"","height":""}],"twitter_card":"summary_large_image","twitter_misc":{"\u041f\u0440\u0438\u0431\u043b. \u0447\u0430\u0441 \u0447\u0438\u0442\u0430\u043d\u043d\u044f":"1 \u0445\u0432\u0438\u043b\u0438\u043d\u0430"},"schema":{"@context":"https:\/\/schema.org","@graph":[{"@type":"WebPage","@id":"https:\/\/techremontas.lt\/","url":"https:\/\/techremontas.lt\/","name":"Profesionalus telefon\u0173, kompiuteri\u0173, televizori\u0173, paspirtuk\u0173 ir kavos aparat\u0173 remontas, kase\u010di\u0173 pildymas.","isPartOf":{"@id":"https:\/\/techremontas.lt\/#website"},"primaryImageOfPage":{"@id":"https:\/\/techremontas.lt\/#primaryimage"},"image":{"@id":"https:\/\/techremontas.lt\/#primaryimage"},"thumbnailUrl":"https:\/\/techremontas.lt\/wp-content\/uploads\/2026\/03\/coffee-machine.jpg","datePublished":"2016-09-28T08:46:37+00:00","dateModified":"2026-03-03T11:50:52+00:00","description":"\u0420\u0435\u043c\u043e\u043d\u0442 \u0442\u0435\u043b\u0435\u0444\u043e\u043d\u0456\u0432, \u043a\u043e\u043c\u043f'\u044e\u0442\u0435\u0440\u0456\u0432, \u0442\u0435\u043b\u0435\u0432\u0456\u0437\u043e\u0440\u0456\u0432, \u0441\u043a\u0443\u0442\u0435\u0440\u0456\u0432 \u0442\u0430 \u043a\u0430\u0432\u043e\u0432\u0430\u0440\u043e\u043a, \u0437\u0430\u043f\u0440\u0430\u0432\u043a\u0430 \u043a\u0430\u0440\u0442\u0440\u0438\u0434\u0436\u0456\u0432 - \u0443 \u0412\u0456\u043b\u044c\u043d\u044e\u0441\u0456 \u0442\u0430 \u041a\u0430\u0443\u043d\u0430\u0441\u0456. \u0422\u0435\u043b. 8 (655) 00790","breadcrumb":{"@id":"https:\/\/techremontas.lt\/#breadcrumb"},"inLanguage":"uk","potentialAction":[{"@type":"ReadAction","target":["https:\/\/techremontas.lt\/"]}]},{"@type":"ImageObject","inLanguage":"uk","@id":"https:\/\/techremontas.lt\/#primaryimage","url":"https:\/\/techremontas.lt\/wp-content\/uploads\/2026\/03\/coffee-machine.jpg","contentUrl":"https:\/\/techremontas.lt\/wp-content\/uploads\/2026\/03\/coffee-machine.jpg"},{"@type":"BreadcrumbList","@id":"https:\/\/techremontas.lt\/#breadcrumb","itemListElement":[{"@type":"ListItem","position":1,"name":"Pagrindinis","item":"https:\/\/techremontas.lt\/"},{"@type":"ListItem","position":2,"name":"Profesionalus telefon\u0173, kompiuteri\u0173, televizori\u0173, paspirtuk\u0173 ir kavos aparat\u0173 remontas, kase\u010di\u0173 pildymas."}]},{"@type":"WebSite","@id":"https:\/\/techremontas.lt\/#website","url":"https:\/\/techremontas.lt\/","name":"taisykla Vilniuje, Kaune, Klaip\u0117doje, \u0160iauliuose","description":"\u041e\u0431\u0441\u043b\u0443\u0433\u043e\u0432\u0443\u0432\u0430\u043d\u043d\u044f \u0441\u0443\u0447\u0430\u0441\u043d\u0438\u0445 \u0435\u043b\u0435\u043a\u0442\u0440\u043e\u043f\u0440\u0438\u043b\u0430\u0434\u0456\u0432","potentialAction":[{"@type":"SearchAction","target":{"@type":"EntryPoint","urlTemplate":"https:\/\/techremontas.lt\/?s={search_term_string}"},"query-input":{"@type":"PropertyValueSpecification","valueRequired":true,"valueName":"search_term_string"}}],"inLanguage":"uk"}]}},"uagb_featured_image_src":{"full":false,"thumbnail":false,"medium":false,"medium_large":false,"large":false,"1536x1536":false,"2048x2048":false,"trp-custom-language-flag":false,"post-thumbnail":false,"vantage-thumbnail-no-sidebar":false,"vantage-slide":false,"vantage-carousel":false,"vantage-grid-loop":false},"uagb_author_info":{"display_name":"valdymas","author_link":"https:\/\/techremontas.lt\/uk\/author\/valdymas\/"},"uagb_comment_info":0,"uagb_excerpt":"Sugedo kompiuteris, televizorius ar telefonas? Nesijaudinkite \u2013 \u201etechRemontas&#8221; komanda pasiruo\u0161usi greitai ir kokybi\u0161kai i\u0161spr\u0119sti bet koki\u0105 technin\u0119 problem\u0105! Kod\u0117l rinktis mus? \u2705 Greita diagnostika \u2013 nustatome gedim\u0105 per 1-2 darbo dienas\u2705 Skaidrios kainos \u2013 joki\u0173 pasl\u0117pt\u0173 mokes\u010di\u0173\u2705 Patyr\u0119 meistrai \u2013 daugiau nei 10 met\u0173 patirtis\u2705 Garantija darbams \u2013 suteikiame garantij\u0105 visiems atliktiems remonto darbams\u2705 Patogus&hellip;","_links":{"self":[{"href":"https:\/\/techremontas.lt\/uk\/wp-json\/wp\/v2\/pages\/5","targetHints":{"allow":["GET"]}}],"collection":[{"href":"https:\/\/techremontas.lt\/uk\/wp-json\/wp\/v2\/pages"}],"about":[{"href":"https:\/\/techremontas.lt\/uk\/wp-json\/wp\/v2\/types\/page"}],"author":[{"embeddable":true,"href":"https:\/\/techremontas.lt\/uk\/wp-json\/wp\/v2\/users\/1"}],"replies":[{"embeddable":true,"href":"https:\/\/techremontas.lt\/uk\/wp-json\/wp\/v2\/comments?post=5"}],"version-history":[{"count":87,"href":"https:\/\/techremontas.lt\/uk\/wp-json\/wp\/v2\/pages\/5\/revisions"}],"predecessor-version":[{"id":5446,"href":"https:\/\/techremontas.lt\/uk\/wp-json\/wp\/v2\/pages\/5\/revisions\/5446"}],"wp:attachment":[{"href":"https:\/\/techremontas.lt\/uk\/wp-json\/wp\/v2\/media?parent=5"}],"curies":[{"name":"wp","href":"https:\/\/api.w.org\/{rel}","templated":true}]}}