{"id":714,"date":"2022-06-12T15:46:41","date_gmt":"2022-06-12T17:46:41","guid":{"rendered":"https:\/\/techremontas.lt\/?page_id=714"},"modified":"2022-06-12T16:03:35","modified_gmt":"2022-06-12T18:03:35","slug":"atsiliepimai","status":"publish","type":"page","link":"https:\/\/techremontas.lt\/uk\/atsiliepimai\/","title":{"rendered":"\u0412\u0456\u0434\u0433\u0443\u043a\u0438"},"content":{"rendered":"<p>\u0417\u0430\u043b\u0438\u0448\u0442\u0435 \u0432\u0456\u0434\u0433\u0443\u043a \u043f\u0440\u043e \u043d\u0430\u0448 \u0441\u0435\u0440\u0432\u0456\u0441 \u0442\u0430 \u044f\u043a\u0456\u0441\u0442\u044c \u043d\u0430\u0448\u0438\u0445 \u043f\u043e\u0441\u043b\u0443\u0433 \u0456 \u043f\u0440\u043e\u0434\u0443\u043a\u0442\u0456\u0432.<\/p>\n\n<p>&nbsp;<\/p>\n<p>&nbsp;<\/p>","protected":false},"excerpt":{"rendered":"<p>\u0417\u0430\u043b\u0438\u0448\u0442\u0435 \u0432\u0456\u0434\u0433\u0443\u043a \u043f\u0440\u043e \u043d\u0430\u0448 \u0441\u0435\u0440\u0432\u0456\u0441 \u0442\u0430 \u044f\u043a\u0456\u0441\u0442\u044c \u043d\u0430\u0448\u0438\u0445 \u043f\u043e\u0441\u043b\u0443\u0433 \u0456 \u043f\u0440\u043e\u0434\u0443\u043a\u0442\u0456\u0432. &nbsp; &nbsp;<\/p>","protected":false},"author":1,"featured_media":0,"parent":0,"menu_order":0,"comment_status":"closed","ping_status":"closed","template":"","meta":{"_uag_custom_page_level_css":"","footnotes":""},"class_list":["post-714","page","type-page","status-publish","hentry","post"],"yoast_head":"<!-- This site is optimized with the Yoast SEO plugin v27.3 - https:\/\/yoast.com\/product\/yoast-seo-wordpress\/ -->\n<title>Atsiliepimai - taisykla Vilniuje, Kaune, Klaip\u0117doje, \u0160iauliuose<\/title>\n<meta name=\"robots\" content=\"index, follow, max-snippet:-1, max-image-preview:large, max-video-preview:-1\" \/>\n<link rel=\"canonical\" href=\"https:\/\/techremontas.lt\/uk\/atsiliepimai\/\" \/>\n<meta property=\"og:locale\" content=\"uk_UA\" \/>\n<meta property=\"og:type\" content=\"article\" \/>\n<meta property=\"og:title\" content=\"Atsiliepimai - taisykla Vilniuje, Kaune, Klaip\u0117doje, \u0160iauliuose\" \/>\n<meta property=\"og:description\" content=\"Pateikite atsiliepim\u0105 apie m\u016bs\u0173 aptarnavimo ir paslaug\u0173 bei preki\u0173 kokyb\u0119. &nbsp; &nbsp;\" \/>\n<meta property=\"og:url\" content=\"https:\/\/techremontas.lt\/uk\/atsiliepimai\/\" \/>\n<meta property=\"og:site_name\" content=\"taisykla Vilniuje, Kaune, Klaip\u0117doje, \u0160iauliuose\" \/>\n<meta property=\"article:modified_time\" content=\"2022-06-12T18:03:35+00:00\" \/>\n<meta name=\"twitter:card\" content=\"summary_large_image\" \/>\n<meta name=\"twitter:label1\" content=\"\u041f\u0440\u0438\u0431\u043b. \u0447\u0430\u0441 \u0447\u0438\u0442\u0430\u043d\u043d\u044f\" \/>\n\t<meta name=\"twitter:data1\" content=\"1 \u0445\u0432\u0438\u043b\u0438\u043d\u0430\" \/>\n<script type=\"application\/ld+json\" class=\"yoast-schema-graph\">{\"@context\":\"https:\\\/\\\/schema.org\",\"@graph\":[{\"@type\":\"WebPage\",\"@id\":\"https:\\\/\\\/techremontas.lt\\\/atsiliepimai\\\/\",\"url\":\"https:\\\/\\\/techremontas.lt\\\/atsiliepimai\\\/\",\"name\":\"Atsiliepimai - taisykla Vilniuje, Kaune, Klaip\u0117doje, \u0160iauliuose\",\"isPartOf\":{\"@id\":\"https:\\\/\\\/techremontas.lt\\\/#website\"},\"datePublished\":\"2022-06-12T17:46:41+00:00\",\"dateModified\":\"2022-06-12T18:03:35+00:00\",\"breadcrumb\":{\"@id\":\"https:\\\/\\\/techremontas.lt\\\/atsiliepimai\\\/#breadcrumb\"},\"inLanguage\":\"uk\",\"potentialAction\":[{\"@type\":\"ReadAction\",\"target\":[\"https:\\\/\\\/techremontas.lt\\\/atsiliepimai\\\/\"]}]},{\"@type\":\"BreadcrumbList\",\"@id\":\"https:\\\/\\\/techremontas.lt\\\/atsiliepimai\\\/#breadcrumb\",\"itemListElement\":[{\"@type\":\"ListItem\",\"position\":1,\"name\":\"Pagrindinis\",\"item\":\"https:\\\/\\\/techremontas.lt\\\/\"},{\"@type\":\"ListItem\",\"position\":2,\"name\":\"Atsiliepimai\"}]},{\"@type\":\"WebSite\",\"@id\":\"https:\\\/\\\/techremontas.lt\\\/#website\",\"url\":\"https:\\\/\\\/techremontas.lt\\\/\",\"name\":\"taisykla Vilniuje, Kaune, Klaip\u0117doje, \u0160iauliuose\",\"description\":\"Modernios el. technikos servisas\",\"potentialAction\":[{\"@type\":\"SearchAction\",\"target\":{\"@type\":\"EntryPoint\",\"urlTemplate\":\"https:\\\/\\\/techremontas.lt\\\/?s={search_term_string}\"},\"query-input\":{\"@type\":\"PropertyValueSpecification\",\"valueRequired\":true,\"valueName\":\"search_term_string\"}}],\"inLanguage\":\"uk\"}]}<\/script>\n<!-- \/ Yoast SEO plugin. -->","yoast_head_json":{"title":"Atsiliepimai - taisykla Vilniuje, Kaune, Klaip\u0117doje, \u0160iauliuose","robots":{"index":"index","follow":"follow","max-snippet":"max-snippet:-1","max-image-preview":"max-image-preview:large","max-video-preview":"max-video-preview:-1"},"canonical":"https:\/\/techremontas.lt\/uk\/atsiliepimai\/","og_locale":"uk_UA","og_type":"article","og_title":"Atsiliepimai - taisykla Vilniuje, Kaune, Klaip\u0117doje, \u0160iauliuose","og_description":"Pateikite atsiliepim\u0105 apie m\u016bs\u0173 aptarnavimo ir paslaug\u0173 bei preki\u0173 kokyb\u0119. &nbsp; &nbsp;","og_url":"https:\/\/techremontas.lt\/uk\/atsiliepimai\/","og_site_name":"taisykla Vilniuje, Kaune, Klaip\u0117doje, \u0160iauliuose","article_modified_time":"2022-06-12T18:03:35+00:00","twitter_card":"summary_large_image","twitter_misc":{"\u041f\u0440\u0438\u0431\u043b. \u0447\u0430\u0441 \u0447\u0438\u0442\u0430\u043d\u043d\u044f":"1 \u0445\u0432\u0438\u043b\u0438\u043d\u0430"},"schema":{"@context":"https:\/\/schema.org","@graph":[{"@type":"WebPage","@id":"https:\/\/techremontas.lt\/atsiliepimai\/","url":"https:\/\/techremontas.lt\/atsiliepimai\/","name":"Atsiliepimai - taisykla Vilniuje, Kaune, Klaip\u0117doje, \u0160iauliuose","isPartOf":{"@id":"https:\/\/techremontas.lt\/#website"},"datePublished":"2022-06-12T17:46:41+00:00","dateModified":"2022-06-12T18:03:35+00:00","breadcrumb":{"@id":"https:\/\/techremontas.lt\/atsiliepimai\/#breadcrumb"},"inLanguage":"uk","potentialAction":[{"@type":"ReadAction","target":["https:\/\/techremontas.lt\/atsiliepimai\/"]}]},{"@type":"BreadcrumbList","@id":"https:\/\/techremontas.lt\/atsiliepimai\/#breadcrumb","itemListElement":[{"@type":"ListItem","position":1,"name":"Pagrindinis","item":"https:\/\/techremontas.lt\/"},{"@type":"ListItem","position":2,"name":"Atsiliepimai"}]},{"@type":"WebSite","@id":"https:\/\/techremontas.lt\/#website","url":"https:\/\/techremontas.lt\/","name":"taisykla Vilniuje, Kaune, Klaip\u0117doje, \u0160iauliuose","description":"\u041e\u0431\u0441\u043b\u0443\u0433\u043e\u0432\u0443\u0432\u0430\u043d\u043d\u044f \u0441\u0443\u0447\u0430\u0441\u043d\u0438\u0445 \u0435\u043b\u0435\u043a\u0442\u0440\u043e\u043f\u0440\u0438\u043b\u0430\u0434\u0456\u0432","potentialAction":[{"@type":"SearchAction","target":{"@type":"EntryPoint","urlTemplate":"https:\/\/techremontas.lt\/?s={search_term_string}"},"query-input":{"@type":"PropertyValueSpecification","valueRequired":true,"valueName":"search_term_string"}}],"inLanguage":"uk"}]}},"uagb_featured_image_src":{"full":false,"thumbnail":false,"medium":false,"medium_large":false,"large":false,"1536x1536":false,"2048x2048":false,"trp-custom-language-flag":false,"post-thumbnail":false,"vantage-thumbnail-no-sidebar":false,"vantage-slide":false,"vantage-carousel":false,"vantage-grid-loop":false},"uagb_author_info":{"display_name":"valdymas","author_link":"https:\/\/techremontas.lt\/uk\/author\/valdymas\/"},"uagb_comment_info":0,"uagb_excerpt":"Pateikite atsiliepim\u0105 apie m\u016bs\u0173 aptarnavimo ir paslaug\u0173 bei preki\u0173 kokyb\u0119. &nbsp; &nbsp;","_links":{"self":[{"href":"https:\/\/techremontas.lt\/uk\/wp-json\/wp\/v2\/pages\/714","targetHints":{"allow":["GET"]}}],"collection":[{"href":"https:\/\/techremontas.lt\/uk\/wp-json\/wp\/v2\/pages"}],"about":[{"href":"https:\/\/techremontas.lt\/uk\/wp-json\/wp\/v2\/types\/page"}],"author":[{"embeddable":true,"href":"https:\/\/techremontas.lt\/uk\/wp-json\/wp\/v2\/users\/1"}],"replies":[{"embeddable":true,"href":"https:\/\/techremontas.lt\/uk\/wp-json\/wp\/v2\/comments?post=714"}],"version-history":[{"count":2,"href":"https:\/\/techremontas.lt\/uk\/wp-json\/wp\/v2\/pages\/714\/revisions"}],"predecessor-version":[{"id":717,"href":"https:\/\/techremontas.lt\/uk\/wp-json\/wp\/v2\/pages\/714\/revisions\/717"}],"wp:attachment":[{"href":"https:\/\/techremontas.lt\/uk\/wp-json\/wp\/v2\/media?parent=714"}],"curies":[{"name":"wp","href":"https:\/\/api.w.org\/{rel}","templated":true}]}}