{"id":733,"date":"2023-02-09T08:22:46","date_gmt":"2023-02-09T10:22:46","guid":{"rendered":"https:\/\/techremontas.lt\/?page_id=733"},"modified":"2025-02-28T16:01:00","modified_gmt":"2025-02-28T18:01:00","slug":"straipsniai","status":"publish","type":"page","link":"https:\/\/techremontas.lt\/uk\/straipsniai\/","title":{"rendered":"Technologij\u0173 ir elektronikos naujienos"},"content":{"rendered":"<p>\u0160iame tinklara\u0161tyje siekiame ne tik informuoti apie naujausius technologinius pasiekimus, bet ir pad\u0117ti jums geriau suprasti, kaip efektyviai panaudoti jau turimas technologijas. Nuo praktini\u0173 patarim\u0173, kaip prailginti baterijos veikimo laik\u0105, iki i\u0161sami\u0173 ap\u017evalg\u0173 apie naujausius dirbtinio intelekto pasiekimus \u2013 \u010dia rasite visk\u0105, ko reikia \u0161iuolaikiniam technologij\u0173 entuziastui.<\/p>\n\n\n\n<div class=\"wp-block-columns is-layout-flex wp-container-core-columns-is-layout-9d6595d7 wp-block-columns-is-layout-flex\">\n<div class=\"wp-block-column is-layout-flow wp-block-column-is-layout-flow\" style=\"flex-basis:33.33%\"><ul class=\"wp-block-categories-list wp-block-categories\">\t<li class=\"cat-item cat-item-10\"><a href=\"https:\/\/techremontas.lt\/uk\/info\/automobiliniu-navigaciju-atnaujinimas\/\">\u041e\u043d\u043e\u0432\u043b\u0435\u043d\u043d\u044f \u0430\u0432\u0442\u043e\u043c\u043e\u0431\u0456\u043b\u044c\u043d\u043e\u0457 \u043d\u0430\u0432\u0456\u0433\u0430\u0446\u0456\u0457<\/a> (7)\n<\/li>\n\t<li class=\"cat-item cat-item-11\"><a href=\"https:\/\/techremontas.lt\/uk\/info\/dulkiu-siurbliu-remontas\/\">\u0420\u0435\u043c\u043e\u043d\u0442 \u043f\u0438\u043b\u043e\u0441\u043e\u0441\u0456\u0432<\/a> (11)\n<\/li>\n\t<li class=\"cat-item cat-item-8\"><a href=\"https:\/\/techremontas.lt\/uk\/info\/el-paspirtuku-remontas-naujienos\/\">\u0420\u0435\u043c\u043e\u043d\u0442 \u0435\u043b\u0435\u043a\u0442\u0440\u043e\u0441\u0430\u043c\u043e\u043a\u0430\u0442\u0456\u0432, \u043d\u043e\u0432\u0438\u043d\u0438<\/a> (14)\n<\/li>\n\t<li class=\"cat-item cat-item-16\"><a href=\"https:\/\/techremontas.lt\/uk\/info\/elektriniu-irankiu-remontas\/\">\u0420\u0435\u043c\u043e\u043d\u0442 \u0435\u043b\u0435\u043a\u0442\u0440\u043e\u0456\u043d\u0441\u0442\u0440\u0443\u043c\u0435\u043d\u0442\u0456\u0432<\/a> (3)\n<\/li>\n\t<li class=\"cat-item cat-item-13\"><a href=\"https:\/\/techremontas.lt\/uk\/info\/fotoaparatu-objektyvu-vaizdo-kameru-remontas\/\">\u0420\u0435\u043c\u043e\u043d\u0442 \u0444\u043e\u0442\u043e\u0430\u043f\u0430\u0440\u0430\u0442\u0456\u0432, \u043e\u0431'\u0454\u043a\u0442\u0438\u0432\u0456\u0432, \u0432\u0456\u0434\u0435\u043e\u043a\u0430\u043c\u0435\u0440<\/a> (13)\n<\/li>\n\t<li class=\"cat-item cat-item-6\"><a href=\"https:\/\/techremontas.lt\/uk\/info\/kavos-aparatu-remontas-naujienos\/\">\u0420\u0435\u043c\u043e\u043d\u0442 \u043a\u0430\u0432\u043e\u0432\u0438\u0445 \u043c\u0430\u0448\u0438\u043d, \u043d\u043e\u0432\u0438\u043d\u0438<\/a> (8)\n<\/li>\n\t<li class=\"cat-item cat-item-3\"><a href=\"https:\/\/techremontas.lt\/uk\/info\/stacionarus-kompiuteriai\/\">\u0420\u0435\u043c\u043e\u043d\u0442 \u043a\u043e\u043c\u043f'\u044e\u0442\u0435\u0440\u0456\u0432, \u043d\u043e\u0432\u0438\u043d\u0438<\/a> (306)\n<\/li>\n\t<li class=\"cat-item cat-item-12\"><a href=\"https:\/\/techremontas.lt\/uk\/info\/konsoliu-xbox-playstation-nintendo-ir-kitu-remontas\/\">Konsoli\u0173 XBOX, PlayStation, Nintendo ir kit\u0173 remontas<\/a> (10)\n<\/li>\n\t<li class=\"cat-item cat-item-19\"><a href=\"https:\/\/techremontas.lt\/uk\/info\/laidyniu-lygintuvu-remontas\/\">\u0420\u0435\u043c\u043e\u043d\u0442 \u0432\u0438\u043f\u0440\u044f\u043c\u043b\u044f\u0447\u0456\u0432<\/a> (7)\n<\/li>\n\t<li class=\"cat-item cat-item-1\"><a href=\"https:\/\/techremontas.lt\/uk\/info\/technologijos\/\">Technologijos<\/a> (88)\n<\/li>\n\t<li class=\"cat-item cat-item-7\"><a href=\"https:\/\/techremontas.lt\/uk\/info\/televizoriu-remontas-naujienos\/\">\u0420\u0435\u043c\u043e\u043d\u0442 \u0442\u0435\u043b\u0435\u0432\u0456\u0437\u043e\u0440\u0456\u0432, \u043d\u043e\u0432\u0438\u043d\u0438<\/a> (2)\n<\/li>\n<\/ul><\/div>\n\n\n\n<div class=\"wp-block-column is-layout-flow wp-block-column-is-layout-flow\" style=\"flex-basis:66.66%\">\n\t\t\t<div class=\"wp-block-uagb-post-grid uagb-post-grid  uagb-post__image-position-top uagb-post__image-enabled uagb-block-16a58cbf     uagb-post__items uagb-post__columns-3 is-grid uagb-post__columns-tablet-2 uagb-post__columns-mobile-1 uagb-post__equal-height\" data-total=\"76\" style=\"\">\n\n\t\t\t\t\t\t\t\t\t\t\t\t<article class=\"uagb-post__inner-wrap\">\t\t\t\t\t\t\t\t<div class='uagb-post__image'>\n\t\t\t\t\t\t\t\t\t<a href=\"https:\/\/techremontas.lt\/uk\/stacionarus-kompiuteriai\/kaip-padidinti-ismaniojo-telefono-mikrofono-kokybe\/\" target=\"_self\" rel=\"bookmark noopener noreferrer\" class='uagb-image-ratio-inherit'><img loading=\"lazy\" decoding=\"async\" width=\"683\" height=\"1024\" src=\"https:\/\/techremontas.lt\/wp-content\/uploads\/2026\/01\/Ismaniuju_termometru-683x1024.jpg\" class=\"attachment-large size-large\" alt=\"\" srcset=\"https:\/\/techremontas.lt\/wp-content\/uploads\/2026\/01\/Ismaniuju_termometru-683x1024.jpg 683w, https:\/\/techremontas.lt\/wp-content\/uploads\/2026\/01\/Ismaniuju_termometru-200x300.jpg 200w, https:\/\/techremontas.lt\/wp-content\/uploads\/2026\/01\/Ismaniuju_termometru-768x1152.jpg 768w, https:\/\/techremontas.lt\/wp-content\/uploads\/2026\/01\/Ismaniuju_termometru-8x12.jpg 8w, https:\/\/techremontas.lt\/wp-content\/uploads\/2026\/01\/Ismaniuju_termometru.jpg 867w\" sizes=\"auto, (max-width: 683px) 100vw, 683px\" \/>\t\t\t\t\t<\/a>\n\t\t\t\t\t\t\t<\/div>\n\t\t\t\t\t\t<h3 class=\"uagb-post__title uagb-post__text\">\n\t\t\t\t<a href=\"https:\/\/techremontas.lt\/uk\/stacionarus-kompiuteriai\/kaip-padidinti-ismaniojo-telefono-mikrofono-kokybe\/\" target=\"_self\" rel=\"bookmark noopener noreferrer\">Kaip padidinti i\u0161maniojo telefono mikrofono kokyb\u0119?<\/a>\n\t\t\t<\/h3>\n\t\t\t\t\t\t<div class='uagb-post__text uagb-post-grid-byline'>\n\t\t\t\t\t\t\t\t<time datetime=\"2026-04-25T00:00:00+03:00\" class=\"uagb-post__date\">\n\t\t\t\t\t\t\t\t\t2026-04-25\t\t\t\t<\/time>\n\t\t\t\t\t\t<\/div>\n\t\t\t\t\t\t\t<div class='uagb-post__text uagb-post__excerpt'>\n\t\t\t\t\t<p>Kod\u0117l m\u016bs\u0173 mikrofonai kartais gars\u0105 griebia kaip per vat\u0105 Turb\u016bt daugelis esate patyr\u0119 t\u0105 nemalon\u0173&#8230;\t\t\t\t<\/div>\n\t\t\t\t\t\t<div class=\"uagb-post__text uagb-post__cta wp-block-button\">\n\t\t\t\t<a class=\"wp-block-button__link uagb-text-link\" style=\"\" href=\"https:\/\/techremontas.lt\/uk\/stacionarus-kompiuteriai\/kaip-padidinti-ismaniojo-telefono-mikrofono-kokybe\/\" target=\"_self\" rel=\"bookmark noopener noreferrer\">Skaityti<\/a>\n\t\t\t<\/div>\n\t\t\t\n\t\t\t\t\t\t\t\t\t<\/article>\n\t\t\t\t\t\t\t\t\t\t\t\t\t\t\t\t<article class=\"uagb-post__inner-wrap\">\t\t\t\t\t\t\t\t<div class='uagb-post__image'>\n\t\t\t\t\t\t\t\t\t<a href=\"https:\/\/techremontas.lt\/uk\/stacionarus-kompiuteriai\/ismaniuju-skambuciu-tarpusavyje-tinklinio-saugumas\/\" target=\"_self\" rel=\"bookmark noopener noreferrer\" class='uagb-image-ratio-inherit'><img loading=\"lazy\" decoding=\"async\" width=\"275\" height=\"183\" src=\"https:\/\/techremontas.lt\/wp-content\/uploads\/2026\/04\/mazoji-bendrija.jpg\" class=\"attachment-large size-large\" alt=\"\" srcset=\"https:\/\/techremontas.lt\/wp-content\/uploads\/2026\/04\/mazoji-bendrija.jpg 275w, https:\/\/techremontas.lt\/wp-content\/uploads\/2026\/04\/mazoji-bendrija-18x12.jpg 18w, https:\/\/techremontas.lt\/wp-content\/uploads\/2026\/04\/mazoji-bendrija-272x182.jpg 272w\" sizes=\"auto, (max-width: 275px) 100vw, 275px\" \/>\t\t\t\t\t<\/a>\n\t\t\t\t\t\t\t<\/div>\n\t\t\t\t\t\t<h3 class=\"uagb-post__title uagb-post__text\">\n\t\t\t\t<a href=\"https:\/\/techremontas.lt\/uk\/stacionarus-kompiuteriai\/ismaniuju-skambuciu-tarpusavyje-tinklinio-saugumas\/\" target=\"_self\" rel=\"bookmark noopener noreferrer\">I\u0161mani\u0173j\u0173 skambu\u010di\u0173 tarpusavyje tinklinio saugumas<\/a>\n\t\t\t<\/h3>\n\t\t\t\t\t\t<div class='uagb-post__text uagb-post-grid-byline'>\n\t\t\t\t\t\t\t\t<time datetime=\"2026-04-24T00:00:00+03:00\" class=\"uagb-post__date\">\n\t\t\t\t\t\t\t\t\t2026-04-24\t\t\t\t<\/time>\n\t\t\t\t\t\t<\/div>\n\t\t\t\t\t\t\t<div class='uagb-post__text uagb-post__excerpt'>\n\t\t\t\t\t<p>Kas slepiasi u\u017e m\u016bs\u0173 kasdieni\u0173 pokalbi\u0173 Kiekvien\u0105 dien\u0105 milijonai \u017emoni\u0173 visame pasaulyje kelia telefonus prie&#8230;\t\t\t\t<\/div>\n\t\t\t\t\t\t<div class=\"uagb-post__text uagb-post__cta wp-block-button\">\n\t\t\t\t<a class=\"wp-block-button__link uagb-text-link\" style=\"\" href=\"https:\/\/techremontas.lt\/uk\/stacionarus-kompiuteriai\/ismaniuju-skambuciu-tarpusavyje-tinklinio-saugumas\/\" target=\"_self\" rel=\"bookmark noopener noreferrer\">Skaityti<\/a>\n\t\t\t<\/div>\n\t\t\t\n\t\t\t\t\t\t\t\t\t<\/article>\n\t\t\t\t\t\t\t\t\t\t\t\t\t\t\t\t<article class=\"uagb-post__inner-wrap\">\t\t\t\t\t\t\t\t<div class='uagb-post__image'>\n\t\t\t\t\t\t\t\t\t<a href=\"https:\/\/techremontas.lt\/uk\/stacionarus-kompiuteriai\/ismaniuju-termostatu-mokymosi-algoritmai\/\" target=\"_self\" rel=\"bookmark noopener noreferrer\" class='uagb-image-ratio-inherit'><img loading=\"lazy\" decoding=\"async\" width=\"612\" height=\"408\" src=\"https:\/\/techremontas.lt\/wp-content\/uploads\/2026\/07\/radiator-valve.jpg\" class=\"attachment-large size-large\" alt=\"\" srcset=\"https:\/\/techremontas.lt\/wp-content\/uploads\/2026\/07\/radiator-valve.jpg 612w, https:\/\/techremontas.lt\/wp-content\/uploads\/2026\/07\/radiator-valve-300x200.jpg 300w, https:\/\/techremontas.lt\/wp-content\/uploads\/2026\/07\/radiator-valve-18x12.jpg 18w, https:\/\/techremontas.lt\/wp-content\/uploads\/2026\/07\/radiator-valve-272x182.jpg 272w\" sizes=\"auto, (max-width: 612px) 100vw, 612px\" \/>\t\t\t\t\t<\/a>\n\t\t\t\t\t\t\t<\/div>\n\t\t\t\t\t\t<h3 class=\"uagb-post__title uagb-post__text\">\n\t\t\t\t<a href=\"https:\/\/techremontas.lt\/uk\/stacionarus-kompiuteriai\/ismaniuju-termostatu-mokymosi-algoritmai\/\" target=\"_self\" rel=\"bookmark noopener noreferrer\">I\u0161mani\u0173j\u0173 termostat\u0173 mokymosi algoritmai<\/a>\n\t\t\t<\/h3>\n\t\t\t\t\t\t<div class='uagb-post__text uagb-post-grid-byline'>\n\t\t\t\t\t\t\t\t<time datetime=\"2026-04-24T00:00:00+03:00\" class=\"uagb-post__date\">\n\t\t\t\t\t\t\t\t\t2026-04-24\t\t\t\t<\/time>\n\t\t\t\t\t\t<\/div>\n\t\t\t\t\t\t\t<div class='uagb-post__text uagb-post__excerpt'>\n\t\t\t\t\t<p>Kaip termostatai i\u0161moko m\u016bs\u0173 \u012fpro\u010di\u0173 Prisimenu, kai pirm\u0105 kart\u0105 \u012fsigijau i\u0161man\u0173j\u012f termostat\u0105. \u012ediegiau j\u012f \u012f&#8230;\t\t\t\t<\/div>\n\t\t\t\t\t\t<div class=\"uagb-post__text uagb-post__cta wp-block-button\">\n\t\t\t\t<a class=\"wp-block-button__link uagb-text-link\" style=\"\" href=\"https:\/\/techremontas.lt\/uk\/stacionarus-kompiuteriai\/ismaniuju-termostatu-mokymosi-algoritmai\/\" target=\"_self\" rel=\"bookmark noopener noreferrer\">Skaityti<\/a>\n\t\t\t<\/div>\n\t\t\t\n\t\t\t\t\t\t\t\t\t<\/article>\n\t\t\t\t\t\t\t\t\t\t\t\t\t\t\t\t<article class=\"uagb-post__inner-wrap\">\t\t\t\t\t\t\t\t<div class='uagb-post__image'>\n\t\t\t\t\t\t\t\t\t<a href=\"https:\/\/techremontas.lt\/uk\/stacionarus-kompiuteriai\/kaip-padidinti-huawei-telefono-nasumo-nustatymus\/\" target=\"_self\" rel=\"bookmark noopener noreferrer\" class='uagb-image-ratio-inherit'><img loading=\"lazy\" decoding=\"async\" width=\"612\" height=\"406\" src=\"https:\/\/techremontas.lt\/wp-content\/uploads\/2026\/04\/phone-batteries.jpg\" class=\"attachment-large size-large\" alt=\"\" srcset=\"https:\/\/techremontas.lt\/wp-content\/uploads\/2026\/04\/phone-batteries.jpg 612w, https:\/\/techremontas.lt\/wp-content\/uploads\/2026\/04\/phone-batteries-300x199.jpg 300w, https:\/\/techremontas.lt\/wp-content\/uploads\/2026\/04\/phone-batteries-18x12.jpg 18w\" sizes=\"auto, (max-width: 612px) 100vw, 612px\" \/>\t\t\t\t\t<\/a>\n\t\t\t\t\t\t\t<\/div>\n\t\t\t\t\t\t<h3 class=\"uagb-post__title uagb-post__text\">\n\t\t\t\t<a href=\"https:\/\/techremontas.lt\/uk\/stacionarus-kompiuteriai\/kaip-padidinti-huawei-telefono-nasumo-nustatymus\/\" target=\"_self\" rel=\"bookmark noopener noreferrer\">Kaip padidinti Huawei telefono na\u0161umo nustatymus?<\/a>\n\t\t\t<\/h3>\n\t\t\t\t\t\t<div class='uagb-post__text uagb-post-grid-byline'>\n\t\t\t\t\t\t\t\t<time datetime=\"2026-04-23T00:00:00+03:00\" class=\"uagb-post__date\">\n\t\t\t\t\t\t\t\t\t2026-04-23\t\t\t\t<\/time>\n\t\t\t\t\t\t<\/div>\n\t\t\t\t\t\t\t<div class='uagb-post__text uagb-post__excerpt'>\n\t\t\t\t\t<p>Kod\u0117l Huawei telefonai kartais l\u0117t\u0117ja Turb\u016bt kiekvienas Huawei telefono savininkas yra pasteb\u0117j\u0119s, kad po kurio&#8230;\t\t\t\t<\/div>\n\t\t\t\t\t\t<div class=\"uagb-post__text uagb-post__cta wp-block-button\">\n\t\t\t\t<a class=\"wp-block-button__link uagb-text-link\" style=\"\" href=\"https:\/\/techremontas.lt\/uk\/stacionarus-kompiuteriai\/kaip-padidinti-huawei-telefono-nasumo-nustatymus\/\" target=\"_self\" rel=\"bookmark noopener noreferrer\">Skaityti<\/a>\n\t\t\t<\/div>\n\t\t\t\n\t\t\t\t\t\t\t\t\t<\/article>\n\t\t\t\t\t\t\t\t\t\t\t\t\t\t\t\t<article class=\"uagb-post__inner-wrap\">\t\t\t\t\t\t\t\t<div class='uagb-post__image'>\n\t\t\t\t\t\t\t\t\t<a href=\"https:\/\/techremontas.lt\/uk\/stacionarus-kompiuteriai\/kaip-sukonfiguruoti-vpn-ant-marsrutizatoriaus-dd-wrt\/\" target=\"_self\" rel=\"bookmark noopener noreferrer\" class='uagb-image-ratio-inherit'><img loading=\"lazy\" decoding=\"async\" width=\"287\" height=\"176\" src=\"https:\/\/techremontas.lt\/wp-content\/uploads\/2026\/05\/SU-MIMO.jpg\" class=\"attachment-large size-large\" alt=\"\" srcset=\"https:\/\/techremontas.lt\/wp-content\/uploads\/2026\/05\/SU-MIMO.jpg 287w, https:\/\/techremontas.lt\/wp-content\/uploads\/2026\/05\/SU-MIMO-18x12.jpg 18w\" sizes=\"auto, (max-width: 287px) 100vw, 287px\" \/>\t\t\t\t\t<\/a>\n\t\t\t\t\t\t\t<\/div>\n\t\t\t\t\t\t<h3 class=\"uagb-post__title uagb-post__text\">\n\t\t\t\t<a href=\"https:\/\/techremontas.lt\/uk\/stacionarus-kompiuteriai\/kaip-sukonfiguruoti-vpn-ant-marsrutizatoriaus-dd-wrt\/\" target=\"_self\" rel=\"bookmark noopener noreferrer\">Kaip sukonfig\u016bruoti VPN ant mar\u0161rutizatoriaus DD-WRT?<\/a>\n\t\t\t<\/h3>\n\t\t\t\t\t\t<div class='uagb-post__text uagb-post-grid-byline'>\n\t\t\t\t\t\t\t\t<time datetime=\"2026-04-23T00:00:00+03:00\" class=\"uagb-post__date\">\n\t\t\t\t\t\t\t\t\t2026-04-23\t\t\t\t<\/time>\n\t\t\t\t\t\t<\/div>\n\t\t\t\t\t\t\t<div class='uagb-post__text uagb-post__excerpt'>\n\t\t\t\t\t<p>Kas yra DD-WRT ir kod\u0117l verta j\u012f naudoti DD-WRT \u2013 tai alternatyvi programin\u0117 \u012franga mar\u0161rutizatoriams,&#8230;\t\t\t\t<\/div>\n\t\t\t\t\t\t<div class=\"uagb-post__text uagb-post__cta wp-block-button\">\n\t\t\t\t<a class=\"wp-block-button__link uagb-text-link\" style=\"\" href=\"https:\/\/techremontas.lt\/uk\/stacionarus-kompiuteriai\/kaip-sukonfiguruoti-vpn-ant-marsrutizatoriaus-dd-wrt\/\" target=\"_self\" rel=\"bookmark noopener noreferrer\">Skaityti<\/a>\n\t\t\t<\/div>\n\t\t\t\n\t\t\t\t\t\t\t\t\t<\/article>\n\t\t\t\t\t\t\t\t\t\t\t\t\t\t\t\t<article class=\"uagb-post__inner-wrap\">\t\t\t\t\t\t\t\t<div class='uagb-post__image'>\n\t\t\t\t\t\t\t\t\t<a href=\"https:\/\/techremontas.lt\/uk\/stacionarus-kompiuteriai\/nesiojamo-kompiuterio-klaviaturos-apsvietimas-neveikia\/\" target=\"_self\" rel=\"bookmark noopener noreferrer\" class='uagb-image-ratio-inherit'><img loading=\"lazy\" decoding=\"async\" width=\"309\" height=\"163\" src=\"https:\/\/techremontas.lt\/wp-content\/uploads\/2026\/01\/klaviatura.jpg\" class=\"attachment-large size-large\" alt=\"\" srcset=\"https:\/\/techremontas.lt\/wp-content\/uploads\/2026\/01\/klaviatura.jpg 309w, https:\/\/techremontas.lt\/wp-content\/uploads\/2026\/01\/klaviatura-300x158.jpg 300w, https:\/\/techremontas.lt\/wp-content\/uploads\/2026\/01\/klaviatura-18x9.jpg 18w\" sizes=\"auto, (max-width: 309px) 100vw, 309px\" \/>\t\t\t\t\t<\/a>\n\t\t\t\t\t\t\t<\/div>\n\t\t\t\t\t\t<h3 class=\"uagb-post__title uagb-post__text\">\n\t\t\t\t<a href=\"https:\/\/techremontas.lt\/uk\/stacionarus-kompiuteriai\/nesiojamo-kompiuterio-klaviaturos-apsvietimas-neveikia\/\" target=\"_self\" rel=\"bookmark noopener noreferrer\">Ne\u0161iojamo kompiuterio klaviat\u016bros ap\u0161vietimas neveikia<\/a>\n\t\t\t<\/h3>\n\t\t\t\t\t\t<div class='uagb-post__text uagb-post-grid-byline'>\n\t\t\t\t\t\t\t\t<time datetime=\"2026-04-23T00:00:00+03:00\" class=\"uagb-post__date\">\n\t\t\t\t\t\t\t\t\t2026-04-23\t\t\t\t<\/time>\n\t\t\t\t\t\t<\/div>\n\t\t\t\t\t\t\t<div class='uagb-post__text uagb-post__excerpt'>\n\t\t\t\t\t<p>Kod\u0117l klaviat\u016bros ap\u0161vietimas staiga nusprend\u0117 atostogauti S\u0117di vakare prie kompiuterio, kambaryje prieblanda, ir staiga pastebite&#8230;\t\t\t\t<\/div>\n\t\t\t\t\t\t<div class=\"uagb-post__text uagb-post__cta wp-block-button\">\n\t\t\t\t<a class=\"wp-block-button__link uagb-text-link\" style=\"\" href=\"https:\/\/techremontas.lt\/uk\/stacionarus-kompiuteriai\/nesiojamo-kompiuterio-klaviaturos-apsvietimas-neveikia\/\" target=\"_self\" rel=\"bookmark noopener noreferrer\">Skaityti<\/a>\n\t\t\t<\/div>\n\t\t\t\n\t\t\t\t\t\t\t\t\t<\/article>\n\t\t\t\t\t\t\t\t\t\t\t\t\t<div class=\"uagb-post-pagination-wrap\">\n\t\t\t\t\t\t<span aria-current=\"page\" class=\"page-numbers current\">1<\/span>\n<a class=\"page-numbers\" href=\"https:\/\/techremontas.lt\/uk\/wp-json\/wp\/v2\/pages\/733\/page\/2\/\">2<\/a>\n<a class=\"page-numbers\" href=\"https:\/\/techremontas.lt\/uk\/wp-json\/wp\/v2\/pages\/733\/page\/3\/\">3<\/a>\n<a class=\"page-numbers\" href=\"https:\/\/techremontas.lt\/uk\/wp-json\/wp\/v2\/pages\/733\/page\/4\/\">4<\/a>\n<a class=\"page-numbers\" href=\"https:\/\/techremontas.lt\/uk\/wp-json\/wp\/v2\/pages\/733\/page\/5\/\">5<\/a>\n<span class=\"page-numbers dots\">...<\/span>\n<a class=\"page-numbers\" href=\"https:\/\/techremontas.lt\/uk\/wp-json\/wp\/v2\/pages\/733\/page\/73\/\">73<\/a>\n<a class=\"page-numbers\" href=\"https:\/\/techremontas.lt\/uk\/wp-json\/wp\/v2\/pages\/733\/page\/74\/\">74<\/a>\n<a class=\"page-numbers\" href=\"https:\/\/techremontas.lt\/uk\/wp-json\/wp\/v2\/pages\/733\/page\/75\/\">75<\/a>\n<a class=\"page-numbers\" href=\"https:\/\/techremontas.lt\/uk\/wp-json\/wp\/v2\/pages\/733\/page\/76\/\">76<\/a>\n<a class=\"next page-numbers\" href=\"https:\/\/techremontas.lt\/uk\/wp-json\/wp\/v2\/pages\/733\/page\/2\/\">Kitas \u00bb<\/a>\t\t\t\t\t<\/div>\n\t\t\t\t\t\t\t\t<\/div>\n\t\t\t<\/div>\n<\/div>","protected":false},"excerpt":{"rendered":"<p>\u0160iame tinklara\u0161tyje siekiame ne tik informuoti apie naujausius technologinius pasiekimus, bet ir pad\u0117ti jums geriau suprasti, kaip efektyviai panaudoti jau turimas technologijas. Nuo praktini\u0173 patarim\u0173, kaip prailginti baterijos veikimo laik\u0105, iki i\u0161sami\u0173 ap\u017evalg\u0173 apie naujausius dirbtinio intelekto pasiekimus \u2013 \u010dia rasite visk\u0105, ko reikia \u0161iuolaikiniam technologij\u0173 entuziastui.<\/p>","protected":false},"author":1,"featured_media":0,"parent":0,"menu_order":0,"comment_status":"closed","ping_status":"closed","template":"templates\/template-full.php","meta":{"_uag_custom_page_level_css":"","footnotes":""},"class_list":["post-733","page","type-page","status-publish","hentry","post"],"yoast_head":"<!-- This site is optimized with the Yoast SEO plugin v27.4 - https:\/\/yoast.com\/product\/yoast-seo-wordpress\/ -->\n<title>Technologij\u0173 ir elektronikos naujienos - taisykla Vilniuje, Kaune, Klaip\u0117doje, \u0160iauliuose<\/title>\n<meta name=\"robots\" content=\"index, follow, max-snippet:-1, max-image-preview:large, max-video-preview:-1\" \/>\n<link rel=\"canonical\" href=\"https:\/\/techremontas.lt\/uk\/straipsniai\/\" \/>\n<meta property=\"og:locale\" content=\"uk_UA\" \/>\n<meta property=\"og:type\" content=\"article\" \/>\n<meta property=\"og:title\" content=\"Technologij\u0173 ir elektronikos naujienos - taisykla Vilniuje, Kaune, Klaip\u0117doje, \u0160iauliuose\" \/>\n<meta property=\"og:description\" content=\"\u0160iame tinklara\u0161tyje siekiame ne tik informuoti apie naujausius technologinius pasiekimus, bet ir pad\u0117ti jums geriau suprasti, kaip efektyviai panaudoti jau turimas technologijas. Nuo praktini\u0173 patarim\u0173, kaip prailginti baterijos veikimo laik\u0105, iki i\u0161sami\u0173 ap\u017evalg\u0173 apie naujausius dirbtinio intelekto pasiekimus \u2013 \u010dia rasite visk\u0105, ko reikia \u0161iuolaikiniam technologij\u0173 entuziastui.\" \/>\n<meta property=\"og:url\" content=\"https:\/\/techremontas.lt\/uk\/straipsniai\/\" \/>\n<meta property=\"og:site_name\" content=\"taisykla Vilniuje, Kaune, Klaip\u0117doje, \u0160iauliuose\" \/>\n<meta property=\"article:modified_time\" content=\"2025-02-28T18:01:00+00:00\" \/>\n<meta name=\"twitter:card\" content=\"summary_large_image\" \/>\n<script type=\"application\/ld+json\" class=\"yoast-schema-graph\">{\"@context\":\"https:\\\/\\\/schema.org\",\"@graph\":[{\"@type\":\"WebPage\",\"@id\":\"https:\\\/\\\/techremontas.lt\\\/straipsniai\\\/\",\"url\":\"https:\\\/\\\/techremontas.lt\\\/straipsniai\\\/\",\"name\":\"Technologij\u0173 ir elektronikos naujienos - taisykla Vilniuje, Kaune, Klaip\u0117doje, \u0160iauliuose\",\"isPartOf\":{\"@id\":\"https:\\\/\\\/techremontas.lt\\\/#website\"},\"datePublished\":\"2023-02-09T10:22:46+00:00\",\"dateModified\":\"2025-02-28T18:01:00+00:00\",\"breadcrumb\":{\"@id\":\"https:\\\/\\\/techremontas.lt\\\/straipsniai\\\/#breadcrumb\"},\"inLanguage\":\"uk\",\"potentialAction\":[{\"@type\":\"ReadAction\",\"target\":[\"https:\\\/\\\/techremontas.lt\\\/straipsniai\\\/\"]}]},{\"@type\":\"BreadcrumbList\",\"@id\":\"https:\\\/\\\/techremontas.lt\\\/straipsniai\\\/#breadcrumb\",\"itemListElement\":[{\"@type\":\"ListItem\",\"position\":1,\"name\":\"Pagrindinis\",\"item\":\"https:\\\/\\\/techremontas.lt\\\/\"},{\"@type\":\"ListItem\",\"position\":2,\"name\":\"Technologij\u0173 ir elektronikos naujienos\"}]},{\"@type\":\"WebSite\",\"@id\":\"https:\\\/\\\/techremontas.lt\\\/#website\",\"url\":\"https:\\\/\\\/techremontas.lt\\\/\",\"name\":\"taisykla Vilniuje, Kaune, Klaip\u0117doje, \u0160iauliuose\",\"description\":\"Modernios el. technikos servisas\",\"potentialAction\":[{\"@type\":\"SearchAction\",\"target\":{\"@type\":\"EntryPoint\",\"urlTemplate\":\"https:\\\/\\\/techremontas.lt\\\/?s={search_term_string}\"},\"query-input\":{\"@type\":\"PropertyValueSpecification\",\"valueRequired\":true,\"valueName\":\"search_term_string\"}}],\"inLanguage\":\"uk\"}]}<\/script>\n<!-- \/ Yoast SEO plugin. -->","yoast_head_json":{"title":"Technologij\u0173 ir elektronikos naujienos - taisykla Vilniuje, Kaune, Klaip\u0117doje, \u0160iauliuose","robots":{"index":"index","follow":"follow","max-snippet":"max-snippet:-1","max-image-preview":"max-image-preview:large","max-video-preview":"max-video-preview:-1"},"canonical":"https:\/\/techremontas.lt\/uk\/straipsniai\/","og_locale":"uk_UA","og_type":"article","og_title":"Technologij\u0173 ir elektronikos naujienos - taisykla Vilniuje, Kaune, Klaip\u0117doje, \u0160iauliuose","og_description":"\u0160iame tinklara\u0161tyje siekiame ne tik informuoti apie naujausius technologinius pasiekimus, bet ir pad\u0117ti jums geriau suprasti, kaip efektyviai panaudoti jau turimas technologijas. Nuo praktini\u0173 patarim\u0173, kaip prailginti baterijos veikimo laik\u0105, iki i\u0161sami\u0173 ap\u017evalg\u0173 apie naujausius dirbtinio intelekto pasiekimus \u2013 \u010dia rasite visk\u0105, ko reikia \u0161iuolaikiniam technologij\u0173 entuziastui.","og_url":"https:\/\/techremontas.lt\/uk\/straipsniai\/","og_site_name":"taisykla Vilniuje, Kaune, Klaip\u0117doje, \u0160iauliuose","article_modified_time":"2025-02-28T18:01:00+00:00","twitter_card":"summary_large_image","schema":{"@context":"https:\/\/schema.org","@graph":[{"@type":"WebPage","@id":"https:\/\/techremontas.lt\/straipsniai\/","url":"https:\/\/techremontas.lt\/straipsniai\/","name":"Technologij\u0173 ir elektronikos naujienos - taisykla Vilniuje, Kaune, Klaip\u0117doje, \u0160iauliuose","isPartOf":{"@id":"https:\/\/techremontas.lt\/#website"},"datePublished":"2023-02-09T10:22:46+00:00","dateModified":"2025-02-28T18:01:00+00:00","breadcrumb":{"@id":"https:\/\/techremontas.lt\/straipsniai\/#breadcrumb"},"inLanguage":"uk","potentialAction":[{"@type":"ReadAction","target":["https:\/\/techremontas.lt\/straipsniai\/"]}]},{"@type":"BreadcrumbList","@id":"https:\/\/techremontas.lt\/straipsniai\/#breadcrumb","itemListElement":[{"@type":"ListItem","position":1,"name":"Pagrindinis","item":"https:\/\/techremontas.lt\/"},{"@type":"ListItem","position":2,"name":"Technologij\u0173 ir elektronikos naujienos"}]},{"@type":"WebSite","@id":"https:\/\/techremontas.lt\/#website","url":"https:\/\/techremontas.lt\/","name":"taisykla Vilniuje, Kaune, Klaip\u0117doje, \u0160iauliuose","description":"\u041e\u0431\u0441\u043b\u0443\u0433\u043e\u0432\u0443\u0432\u0430\u043d\u043d\u044f \u0441\u0443\u0447\u0430\u0441\u043d\u0438\u0445 \u0435\u043b\u0435\u043a\u0442\u0440\u043e\u043f\u0440\u0438\u043b\u0430\u0434\u0456\u0432","potentialAction":[{"@type":"SearchAction","target":{"@type":"EntryPoint","urlTemplate":"https:\/\/techremontas.lt\/?s={search_term_string}"},"query-input":{"@type":"PropertyValueSpecification","valueRequired":true,"valueName":"search_term_string"}}],"inLanguage":"uk"}]}},"uagb_featured_image_src":{"full":false,"thumbnail":false,"medium":false,"medium_large":false,"large":false,"1536x1536":false,"2048x2048":false,"trp-custom-language-flag":false,"post-thumbnail":false,"vantage-thumbnail-no-sidebar":false,"vantage-slide":false,"vantage-carousel":false,"vantage-grid-loop":false},"uagb_author_info":{"display_name":"valdymas","author_link":"https:\/\/techremontas.lt\/uk\/author\/valdymas\/"},"uagb_comment_info":0,"uagb_excerpt":"\u0160iame tinklara\u0161tyje siekiame ne tik informuoti apie naujausius technologinius pasiekimus, bet ir pad\u0117ti jums geriau suprasti, kaip efektyviai panaudoti jau turimas technologijas. Nuo praktini\u0173 patarim\u0173, kaip prailginti baterijos veikimo laik\u0105, iki i\u0161sami\u0173 ap\u017evalg\u0173 apie naujausius dirbtinio intelekto pasiekimus \u2013 \u010dia rasite visk\u0105, ko reikia \u0161iuolaikiniam technologij\u0173 entuziastui.","_links":{"self":[{"href":"https:\/\/techremontas.lt\/uk\/wp-json\/wp\/v2\/pages\/733","targetHints":{"allow":["GET"]}}],"collection":[{"href":"https:\/\/techremontas.lt\/uk\/wp-json\/wp\/v2\/pages"}],"about":[{"href":"https:\/\/techremontas.lt\/uk\/wp-json\/wp\/v2\/types\/page"}],"author":[{"embeddable":true,"href":"https:\/\/techremontas.lt\/uk\/wp-json\/wp\/v2\/users\/1"}],"replies":[{"embeddable":true,"href":"https:\/\/techremontas.lt\/uk\/wp-json\/wp\/v2\/comments?post=733"}],"version-history":[{"count":5,"href":"https:\/\/techremontas.lt\/uk\/wp-json\/wp\/v2\/pages\/733\/revisions"}],"predecessor-version":[{"id":2930,"href":"https:\/\/techremontas.lt\/uk\/wp-json\/wp\/v2\/pages\/733\/revisions\/2930"}],"wp:attachment":[{"href":"https:\/\/techremontas.lt\/uk\/wp-json\/wp\/v2\/media?parent=733"}],"curies":[{"name":"wp","href":"https:\/\/api.w.org\/{rel}","templated":true}]}}